{"id":3,"date":"2021-04-04T19:51:35","date_gmt":"2021-04-04T22:51:35","guid":{"rendered":"https:\/\/bomdia365.com.br\/?page_id=3"},"modified":"2023-09-11T12:42:55","modified_gmt":"2023-09-11T15:42:55","slug":"politica-de-privacidade","status":"publish","type":"page","link":"https:\/\/bomdia365.com.br\/politica-de-privacidade\/","title":{"rendered":"Pol\u00edtica de privacidade"},"content":{"rendered":"\n<p>O Site bomdia365 reconhece que a privacidade \u00e9 importante.<\/p>\n\n\n\n<p>O Site bomdia365 recebe e mant\u00e9m informa\u00e7\u00f5es de seu browser nos nossos servidores, incluindo seu IP ou endere\u00e7o de refer\u00eancia e a p\u00e1gina que voc\u00ea procurou. Al\u00e9m desta informa\u00e7\u00e3o, a \u00fanica outra informa\u00e7\u00e3o pessoal que n\u00f3s coletamos sobre voc\u00ea \u00e9 a que nos for fornecida em nossos formul\u00e1rios online. O site bomdia365 ser\u00e1 a \u00fanica detentora desta informa\u00e7\u00e3o. Esta informa\u00e7\u00e3o somente ser\u00e1 usada para nosso acompanhamento estat\u00edstico do n\u00famero de visitas.<\/p>\n\n\n\n<p>o Site bomdia366 usa cookies e outras tecnologias para melhorar a sua experi\u00eancia on-line e para saber como voc\u00ea usa nossos servi\u00e7os, com a finalidade de melhorar a qualidade deles.<\/p>\n\n\n\n<p>Usamos empresas de publicidade de terceiros para veicular an\u00fancios durante a sua visita ao nosso website. Essas empresas podem usar informa\u00e7\u00f5es (que n\u00e3o incluem o seu nome, endere\u00e7o, endere\u00e7o de e-mail ou n\u00famero de telefone) sobre suas visitas a este e a outros websites a fim de exibir an\u00fancios relacionados a produtos e servi\u00e7os de seu interesse. Para obter mais informa\u00e7\u00f5es sobre essa pr\u00e1tica e saber como impedir que as empresas utilizem esses dados,\u00a0<a href=\"https:\/\/policies.google.com\/technologies\/ads\">clique aqui<\/a>.<\/p>\n\n\n\n<h2 class=\"wp-block-heading\">An\u00fancios Google<\/h2>\n\n\n\n<p>O Google, como fornecedor de terceiros, utiliza cookies para exibir an\u00fancios no seu site.<\/p>\n\n\n\n<p>Com o cookie DART, o Google pode exibir an\u00fancios para seus usu\u00e1rios com base nas visitas feitas aos seus e a outros sites na Internet.<\/p>\n\n\n\n<p>Os usu\u00e1rios podem desativar o cookie DART visitando a Pol\u00edtica de privacidade da rede de conte\u00fado e dos an\u00fancios do Google.<\/p>\n","protected":false},"excerpt":{"rendered":"<p>O Site bomdia365 reconhece que a privacidade \u00e9 importante. O Site bomdia365 recebe e mant\u00e9m informa\u00e7\u00f5es de seu browser nos nossos servidores, incluindo seu IP ou endere\u00e7o de refer\u00eancia e a p\u00e1gina que voc\u00ea procurou. Al\u00e9m desta informa\u00e7\u00e3o, a \u00fanica outra informa\u00e7\u00e3o pessoal que n\u00f3s coletamos sobre voc\u00ea \u00e9 a que nos for fornecida em &#8230; <a title=\"Pol\u00edtica de privacidade\" class=\"read-more\" href=\"https:\/\/bomdia365.com.br\/politica-de-privacidade\/\" aria-label=\"Read more about Pol\u00edtica de privacidade\">Ler mais<\/a><\/p>\n","protected":false},"author":1,"featured_media":0,"parent":0,"menu_order":0,"comment_status":"closed","ping_status":"open","template":"","meta":{"footnotes":""},"class_list":["post-3","page","type-page","status-publish"],"aioseo_notices":[],"amp_enabled":true,"_links":{"self":[{"href":"https:\/\/bomdia365.com.br\/wp-json\/wp\/v2\/pages\/3","targetHints":{"allow":["GET"]}}],"collection":[{"href":"https:\/\/bomdia365.com.br\/wp-json\/wp\/v2\/pages"}],"about":[{"href":"https:\/\/bomdia365.com.br\/wp-json\/wp\/v2\/types\/page"}],"author":[{"embeddable":true,"href":"https:\/\/bomdia365.com.br\/wp-json\/wp\/v2\/users\/1"}],"replies":[{"embeddable":true,"href":"https:\/\/bomdia365.com.br\/wp-json\/wp\/v2\/comments?post=3"}],"version-history":[{"count":0,"href":"https:\/\/bomdia365.com.br\/wp-json\/wp\/v2\/pages\/3\/revisions"}],"wp:attachment":[{"href":"https:\/\/bomdia365.com.br\/wp-json\/wp\/v2\/media?parent=3"}],"curies":[{"name":"wp","href":"https:\/\/api.w.org\/{rel}","templated":true}]}}